{"id":66,"date":"2024-01-31T14:18:57","date_gmt":"2024-01-31T13:18:57","guid":{"rendered":"https:\/\/preprod.initiales-reseau-pluridis.com\/?page_id=66"},"modified":"2024-01-31T14:56:38","modified_gmt":"2024-01-31T13:56:38","slug":"supervision","status":"publish","type":"page","link":"https:\/\/preprod.initiales-reseau-pluridis.com\/?page_id=66","title":{"rendered":"Supervision"},"content":{"rendered":"\t\t<div data-elementor-type=\"wp-page\" data-elementor-id=\"66\" class=\"elementor elementor-66\">\n\t\t\t\t<div class=\"elementor-element elementor-element-0badab5 e-flex e-con-boxed e-con e-parent\" data-id=\"0badab5\" data-element_type=\"container\" data-e-type=\"container\">\n\t\t\t\t\t<div class=\"e-con-inner\">\n\t\t\t\t<div class=\"elementor-element elementor-element-a883467 elementor-widget elementor-widget-text-editor\" data-id=\"a883467\" data-element_type=\"widget\" data-e-type=\"widget\" data-widget_type=\"text-editor.default\">\n\t\t\t\t<div class=\"elementor-widget-container\">\n\t\t\t\t\t\t\t\t\t<header><h3 class=\"\">Supervision et analyse de pratiques<\/h3><\/header><div class=\"ce-textpic ce-center ce-above\"><div class=\"ce-bodytext\"><h3>\u00a0<\/h3><p>Notre offre de supervision s\u2019adresse \u00e0 des professionnels qui ont pour fonction d&#8217;accompagner des personnes ou des \u00e9quipes (coachs, consultants, RRH, \u2026) et qui souhaitent interroger leur pratique, confronter, \u00e9largir et enrichir leurs approches.<\/p><p><strong>Notre approche de la supervision<\/strong><\/p><p>Permettre \u00e0 chacun, par la prise de distance et le travail collectif, de mieux identifier ses attitudes et r\u00e9actions et de prendre en compte leurs effets sur la situation d&#8217;accompagnement (interne ou externe), ceci afin d\u2019ajuster en permanence l&#8217;action d&#8217;accompagnement.<\/p><p>L\u2019espace de supervision offre \u00e9galement \u00e0 chacun la possibilit\u00e9 de clarifier et de d\u00e9velopper son propre style, et son positionnement, dans le respect du cadre de d\u00e9ontologie.<\/p><p>\u00c0 partir des situations apport\u00e9es par les participants, les superviseurs s&#8217;attachent \u00e0 favoriser chez chacun une &#8220;\u00e9coute sensible et multiple&#8221; qui lie les dimensions individuelle, collective et organisationnelle pr\u00e9sentes dans toute situation d&#8217;accompagnement.<\/p><p>Pour cela, l\u2019expos\u00e9 et l\u2019analyse de situations peuvent \u00eatre travaill\u00e9s \u00e0 partir de diverses approches qui visent \u00e0 mobiliser diff\u00e9rentes dimensions (cognitive, corporelle, imaginaire, \u00e9motionnelle&#8230;) et \u00e0 acc\u00e9der ainsi \u00e0 une compr\u00e9hension plus large des probl\u00e9matiques rencontr\u00e9es.<\/p><p>Par ailleurs, superviseurs et participants sont amen\u00e9s \u00e0 \u00e9tablir des liens entre les pratiques d\u00e9crites et les mod\u00e8les th\u00e9oriques utilis\u00e9s dans une perspective pluridisciplinaire et int\u00e9grative.<\/p><p>\u00a0<\/p><p>En 2024, nous vous proposons 2\u00a0<strong>modalit\u00e9s distinctes de supervision collectives<\/strong>\u00a0:<\/p><p><strong>Groupe A\u00a0<\/strong><strong>\u00a0&#8211; Un cycle destin\u00e9 \u00e0 des coachs exp\u00e9riment\u00e9s<\/strong>, co-anim\u00e9 par\u00a0<a href=\"https:\/\/www.initiales-reseau-pluridis.com\/equipe\/anasthasia-blanche\">Anasthasia Blanch\u00e9\u00a0<\/a>et\u00a0<a href=\"https:\/\/www.initiales-reseau-pluridis.com\/equipe\/isabelle-nalet\">Isabelle Nalet<\/a>. Au-del\u00e0 du travail sur les situations apport\u00e9es par les participants, les s\u00e9ances de supervision sont l\u2019occasion d\u2019approfondir des grilles de lectures th\u00e9oriques et une approche int\u00e9grative. Elles constituent un espace de r\u00e9flexion et d\u2019\u00e9laboration collective face aux nouvelles demandes et enjeux li\u00e9s aux \u00e9volutions du contexte social et organisationnel. Cycle COMPLET<\/p><p><strong>Date: 7 f\u00e9vrier 2024.\u00a0<\/strong>L\u2019inscription se fait par semestre : 4 s\u00e9ances au 1er semestre 2024.\u00a0<\/p><p><br \/><strong>Groupe B &#8211;<\/strong>\u00a0Un cycle co-anim\u00e9 par\u00a0<a href=\"https:\/\/www.initiales-reseau-pluridis.com\/notre-equipe\/jamal-lamrani\">Jamal Lamrani<\/a>\u00a0et\u00a0<a href=\"https:\/\/www.initiales-reseau-pluridis.com\/equipe\/isabelle-nalet\">Isabelle\u00a0Nalet<\/a>, r\u00e9unissant des coachs et\/ou intervenants, prescripteurs, acteurs RH, managers, qui souhaitent, en plus de la pratique de l\u2019accompagnement individuel, travailler \u00e9galement sur des dispositifs et situations\u00a0<strong>d\u2019accompagnement collectif (coaching d\u2019\u00e9quipes et d\u2019organisations).<\/strong>\u00a0Les s\u00e9ances de supervision collective, au-del\u00e0 du travail sur les situations apport\u00e9es, offrent l\u2019opportunit\u00e9 pour chacun de continuer \u00e0 enrichir ses modalit\u00e9s d\u2019intervention (analyse du syst\u00e8me client, mise en place de dispositif(s), animation de groupes \u00e0 g\u00e9om\u00e9trie variable&#8230;), de clarifier son rapport au(x) groupe(s) et d\u2019approfondir in situ sa posture (entra\u00eenement \u00e0 la position \u00ab\u00a0m\u00e9ta\u00a0\u00bb).<\/p><p><strong>Date: 26 janvier 2024.<\/strong><\/p><p>Lieu : Paris Centre (accessible aux personnes en situation de handicap)<\/p><p>Toute inscription est soumise \u00e0 un entretien pr\u00e9alable avec l&#8217;un de nos consultants.<\/p><p>Ces s\u00e9ances peuvent se combiner avec des s\u00e9ances de supervision individuelle.<\/p><p><a href=\"https:\/\/www.initiales-reseau-pluridis.com\/fileadmin\/documents\/Pre__sentation_-_supervision_-_Cycle_B_JLIN_.pdf\">Fiche de pr\u00e9sentation<\/a><\/p><p><strong>Journ\u00e9e ouverte du groupe B : &#8220;R\u00f4les et responsabilit\u00e9 de l&#8217;accompagnant&#8221;<\/strong><\/p><p><a href=\"https:\/\/www.initiales-reseau-pluridis.com\/fileadmin\/documents\/6_octobre_2023_ro__les_et_responsabilite___de_l_accompagnant_.pdf\">Pr\u00e9sentation de la journ\u00e9e<\/a><\/p><p>\u00a0<\/p><p><strong>Supervision individuelle\u00a0<\/strong>\u00a0<a href=\"https:\/\/www.initiales-reseau-pluridis.com\/contact\">Contacter Isabelle Nalet.<\/a><\/p><\/div><\/div>\t\t\t\t\t\t\t\t<\/div>\n\t\t\t\t<\/div>\n\t\t\t\t\t<\/div>\n\t\t\t\t<\/div>\n\t\t\t\t<\/div>\n\t\t","protected":false},"excerpt":{"rendered":"<p>Supervision et analyse de pratiques \u00a0 Notre offre de supervision s\u2019adresse \u00e0 des professionnels qui ont pour fonction d&#8217;accompagner des personnes ou des \u00e9quipes (coachs, consultants, RRH, \u2026) et qui souhaitent interroger leur pratique, confronter, \u00e9largir et enrichir leurs approches. Notre approche de la supervision Permettre \u00e0 chacun, par la prise de distance et le &hellip; <\/p>\n<p class=\"link-more\"><a href=\"https:\/\/preprod.initiales-reseau-pluridis.com\/?page_id=66\" class=\"more-link\">Read more<span class=\"screen-reader-text\"> &#8220;Supervision&#8221;<\/span><\/a><\/p>\n","protected":false},"author":1,"featured_media":0,"parent":0,"menu_order":0,"comment_status":"closed","ping_status":"closed","template":"","meta":{"footnotes":""},"class_list":["post-66","page","type-page","status-publish","hentry"],"_links":{"self":[{"href":"https:\/\/preprod.initiales-reseau-pluridis.com\/index.php?rest_route=\/wp\/v2\/pages\/66","targetHints":{"allow":["GET"]}}],"collection":[{"href":"https:\/\/preprod.initiales-reseau-pluridis.com\/index.php?rest_route=\/wp\/v2\/pages"}],"about":[{"href":"https:\/\/preprod.initiales-reseau-pluridis.com\/index.php?rest_route=\/wp\/v2\/types\/page"}],"author":[{"embeddable":true,"href":"https:\/\/preprod.initiales-reseau-pluridis.com\/index.php?rest_route=\/wp\/v2\/users\/1"}],"replies":[{"embeddable":true,"href":"https:\/\/preprod.initiales-reseau-pluridis.com\/index.php?rest_route=%2Fwp%2Fv2%2Fcomments&post=66"}],"version-history":[{"count":4,"href":"https:\/\/preprod.initiales-reseau-pluridis.com\/index.php?rest_route=\/wp\/v2\/pages\/66\/revisions"}],"predecessor-version":[{"id":116,"href":"https:\/\/preprod.initiales-reseau-pluridis.com\/index.php?rest_route=\/wp\/v2\/pages\/66\/revisions\/116"}],"wp:attachment":[{"href":"https:\/\/preprod.initiales-reseau-pluridis.com\/index.php?rest_route=%2Fwp%2Fv2%2Fmedia&parent=66"}],"curies":[{"name":"wp","href":"https:\/\/api.w.org\/{rel}","templated":true}]}}