{"id":62,"date":"2024-01-31T14:17:28","date_gmt":"2024-01-31T13:17:28","guid":{"rendered":"https:\/\/preprod.initiales-reseau-pluridis.com\/?page_id=62"},"modified":"2024-05-23T13:48:55","modified_gmt":"2024-05-23T11:48:55","slug":"cycle-de-formation-au-coaching-individuel","status":"publish","type":"page","link":"https:\/\/preprod.initiales-reseau-pluridis.com\/?page_id=62","title":{"rendered":"Cycle de formation au coaching individuel"},"content":{"rendered":"\t\t<div data-elementor-type=\"wp-page\" data-elementor-id=\"62\" class=\"elementor elementor-62\">\n\t\t\t\t<div class=\"elementor-element elementor-element-d7330b1 e-flex e-con-boxed e-con e-parent\" data-id=\"d7330b1\" data-element_type=\"container\" data-e-type=\"container\">\n\t\t\t\t\t<div class=\"e-con-inner\">\n\t\t\t\t<div class=\"elementor-element elementor-element-f1955c8 elementor-widget elementor-widget-text-editor\" data-id=\"f1955c8\" data-element_type=\"widget\" data-e-type=\"widget\" data-widget_type=\"text-editor.default\">\n\t\t\t\t<div class=\"elementor-widget-container\">\n\t\t\t\t\t\t\t\t\t<p>Pour les\u00a0consultants, responsables RH, ou\u00a0managers ayant une premi\u00e8re approche de l&#8217;accompagnement\u00a0individuel, qui\u00a0souhaitent d\u00e9velopper et ancrer leur pratique professionnelle, nous\u00a0proposons un parcours\u00a0de professionnalisation de\u00a0<strong>21 jours\u00a0<\/strong>r\u00e9partis en<strong>\u00a03 \u00e9tapes, incluant<\/strong>\u00a0<strong>un certificat de validation des comp\u00e9tences.<\/strong>\u00a0Ce cycle est anim\u00e9 par\u00a0<strong><a href=\"https:\/\/www.initiales-reseau-pluridis.com\/equipe\/isabelle-nalet\">Isabelle Nalet<\/a><\/strong>,\u00a0<strong><a href=\"https:\/\/www.initiales-reseau-pluridis.com\/notre-equipe\/anne-bastard\">Anne Bastard<\/a><\/strong>,\u00a0<strong>Isabelle Kinderf<\/strong>\u00a0ainsi qu&#8217;une \u00e9quipe de coachs confirm\u00e9s : Guy Amoureux et Sylvie Bouaniche.\u00a0<\/p><ul class=\"puces-oranges\"><li><strong>\u00c9tape 1 &#8211; Les fondamentaux de l&#8217;accompagnement &#8211; 14 jours en 7 modules + 1 jour de suivi individuel + compagnonnage tout au long du cursus<\/strong><br \/>Domaines d\u00e9velopp\u00e9s :<ul><li>accompagner : explorer trajectoire et identit\u00e9 professionnelle<\/li><li>analyser les diff\u00e9rents niveaux de demandes en jeu<\/li><li>contractualiser une relation d&#8217;accompagnement<\/li><li>b\u00e2tir une strat\u00e9gie d&#8217;intervention<\/li><li>conduire une action de coaching individuel<\/li><li>utiliser diff\u00e9rents outils d&#8217;intervention<\/li><li>exp\u00e9rimenter et d\u00e9velopper la position &#8220;m\u00e9ta&#8221; comme ressource pour conduire l&#8217;accompagnement<\/li><li>appr\u00e9cier avec son client sa progression<\/li><li>\u00e9valuer les r\u00e9sultats de l&#8217;accompagnement\u00a0<\/li><li>construire son identit\u00e9 de coach et son style d&#8217;accompagnement<\/li><li>concr\u00e9tiser et valoriser son offre et d\u00e9finir les modalit\u00e9s de sa mise en oeuvre<\/li><\/ul><\/li><\/ul><p>Au travers de ces diff\u00e9rents th\u00e8mes, la formation vise \u00e0 ancrer chez chaque participant les sp\u00e9cificit\u00e9s de la posture d&#8217;accompagnement, dans le respect d&#8217;une \u00e9thique et d&#8217;une d\u00e9ontologie.<\/p><ul class=\"puces-oranges\"><li><strong>\u00c9tape 2 &#8211; Entrainement et analyse de pratique &#8211; 5 jours<\/strong><br \/>Ces journ\u00e9es s&#8217;appuient sur l&#8217;exp\u00e9rience d&#8217;accompagnement en situation professionnelle conduite par les participants.<\/li><\/ul><ul class=\"puces-oranges\"><li><strong>\u00c9tape 3 &#8211;\u00a0<\/strong><strong>Certificat de validation des comp\u00e9tences &#8211; 1 jour<\/strong><ul><li>le r\u00e9cit \u00e9crit d&#8217;un accompagnement,<\/li><li>la soutenance devant un jury de 4 personnes lors des deux sessions annuelles de certification.<\/li><\/ul><\/li><\/ul><p>Le certificat final de validation des comp\u00e9tences s&#8217;obtient apr\u00e8s validation du parcours complet.<\/p><p>Toute inscription est soumise \u00e0 un entretien pr\u00e9alable avec l&#8217;une de nos consultantes afin de permettre au participant de valider son projet de formation, d&#8217;\u00e9valuer avec la formatrice la pertinence du projet en fonction de son exp\u00e9rience, de son niveau de connaissances au regard des pr\u00e9-requis de la formation, de son engagement et de la coh\u00e9rence de son parcours.<\/p><p><strong>Prochaines dates de d\u00e9marrage : Octobre 2024<\/strong><\/p>\t\t\t\t\t\t\t\t<\/div>\n\t\t\t\t<\/div>\n\t\t\t\t\t<\/div>\n\t\t\t\t<\/div>\n\t\t\t\t<\/div>\n\t\t","protected":false},"excerpt":{"rendered":"<p>Pour les\u00a0consultants, responsables RH, ou\u00a0managers ayant une premi\u00e8re approche de l&#8217;accompagnement\u00a0individuel, qui\u00a0souhaitent d\u00e9velopper et ancrer leur pratique professionnelle, nous\u00a0proposons un parcours\u00a0de professionnalisation de\u00a021 jours\u00a0r\u00e9partis en\u00a03 \u00e9tapes, incluant\u00a0un certificat de validation des comp\u00e9tences.\u00a0Ce cycle est anim\u00e9 par\u00a0Isabelle Nalet,\u00a0Anne Bastard,\u00a0Isabelle Kinderf\u00a0ainsi qu&#8217;une \u00e9quipe de coachs confirm\u00e9s : Guy Amoureux et Sylvie Bouaniche.\u00a0 \u00c9tape 1 &#8211; Les fondamentaux &hellip; <\/p>\n<p class=\"link-more\"><a href=\"https:\/\/preprod.initiales-reseau-pluridis.com\/?page_id=62\" class=\"more-link\">Read more<span class=\"screen-reader-text\"> &#8220;Cycle de formation au coaching individuel&#8221;<\/span><\/a><\/p>\n","protected":false},"author":1,"featured_media":0,"parent":0,"menu_order":0,"comment_status":"closed","ping_status":"closed","template":"","meta":{"footnotes":""},"class_list":["post-62","page","type-page","status-publish","hentry"],"_links":{"self":[{"href":"https:\/\/preprod.initiales-reseau-pluridis.com\/index.php?rest_route=\/wp\/v2\/pages\/62","targetHints":{"allow":["GET"]}}],"collection":[{"href":"https:\/\/preprod.initiales-reseau-pluridis.com\/index.php?rest_route=\/wp\/v2\/pages"}],"about":[{"href":"https:\/\/preprod.initiales-reseau-pluridis.com\/index.php?rest_route=\/wp\/v2\/types\/page"}],"author":[{"embeddable":true,"href":"https:\/\/preprod.initiales-reseau-pluridis.com\/index.php?rest_route=\/wp\/v2\/users\/1"}],"replies":[{"embeddable":true,"href":"https:\/\/preprod.initiales-reseau-pluridis.com\/index.php?rest_route=%2Fwp%2Fv2%2Fcomments&post=62"}],"version-history":[{"count":10,"href":"https:\/\/preprod.initiales-reseau-pluridis.com\/index.php?rest_route=\/wp\/v2\/pages\/62\/revisions"}],"predecessor-version":[{"id":225,"href":"https:\/\/preprod.initiales-reseau-pluridis.com\/index.php?rest_route=\/wp\/v2\/pages\/62\/revisions\/225"}],"wp:attachment":[{"href":"https:\/\/preprod.initiales-reseau-pluridis.com\/index.php?rest_route=%2Fwp%2Fv2%2Fmedia&parent=62"}],"curies":[{"name":"wp","href":"https:\/\/api.w.org\/{rel}","templated":true}]}}