{"id":56,"date":"2024-01-31T14:17:43","date_gmt":"2024-01-31T13:17:43","guid":{"rendered":"https:\/\/preprod.initiales-reseau-pluridis.com\/?page_id=56"},"modified":"2024-05-23T17:48:55","modified_gmt":"2024-05-23T15:48:55","slug":"individu","status":"publish","type":"page","link":"https:\/\/preprod.initiales-reseau-pluridis.com\/?page_id=56","title":{"rendered":"Individu"},"content":{"rendered":"\t\t<div data-elementor-type=\"wp-page\" data-elementor-id=\"56\" class=\"elementor elementor-56\">\n\t\t\t\t<div class=\"elementor-element elementor-element-fdfa50e e-flex e-con-boxed e-con e-parent\" data-id=\"fdfa50e\" data-element_type=\"container\" data-e-type=\"container\">\n\t\t\t\t\t<div class=\"e-con-inner\">\n\t\t\t\t<div class=\"elementor-element elementor-element-5352b1c elementor-widget elementor-widget-text-editor\" data-id=\"5352b1c\" data-element_type=\"widget\" data-e-type=\"widget\" data-widget_type=\"text-editor.default\">\n\t\t\t\t<div class=\"elementor-widget-container\">\n\t\t\t\t\t\t\t\t\t<p><strong>Pour permettre \u00e0 la personne\u00a0de :<\/strong><\/p><ul class=\"puces-oranges\"><li>Prendre du recul pour mieux appr\u00e9hender la complexit\u00e9 des situations auxquelles elle doit faire face<\/li><li>Identifier ses marges de man\u0153uvre<\/li><li>Rep\u00e9rer et oser de nouvelles options d\u2019action<\/li><li>Trouver une meilleure ad\u00e9quation entre ses comp\u00e9tences, valeurs et aspirations et celles de l\u2019organisation \u00e0 laquelle elle appartient<\/li><li>Mieux vivre des transitions \u00e0 des \u00e9tapes clefs de son parcours professionnel\u2026.<\/li><\/ul><p><strong>Suivant les enjeux et les demandes, nous proposons :<\/strong>\u00a0<\/p><ul class=\"puces-oranges\"><li>Des actions de coaching (transition, d\u00e9veloppement professionnel, prise de poste ou de responsabilit\u00e9s \u00e9largies, situation \u00e0 fort enjeu relationnel, situation de crise\u2026)<\/li><li>Des bilans professionnels et points carri\u00e8re\u00a0<\/li><li>Des s\u00e9minaires &#8220;Projet professionnel \/\u00a0projet de vie&#8221; : pour b\u00e9n\u00e9ficier d&#8217;\u00e9changes en groupe au moment d&#8217;aborder une \u00e9tape clef de son parcours (d\u00e9but, mi-carri\u00e8re, derni\u00e8re \u00e9tape de vie au travail, pr\u00e9paration \u00e0 la retraite\u2026).<\/li><\/ul><p><a href=\"https:\/\/www.initiales-reseau-pluridis.com\/notre-experience#c79\">Exemples d&#8217;intervention<\/a><\/p><p><a href=\"https:\/\/www.initiales-reseau-pluridis.com\/nos-principes-dintervention#c72\">Principes d&#8217;action<\/a><\/p>\t\t\t\t\t\t\t\t<\/div>\n\t\t\t\t<\/div>\n\t\t\t\t\t<\/div>\n\t\t\t\t<\/div>\n\t\t\t\t<\/div>\n\t\t","protected":false},"excerpt":{"rendered":"<p>Pour permettre \u00e0 la personne\u00a0de : Prendre du recul pour mieux appr\u00e9hender la complexit\u00e9 des situations auxquelles elle doit faire face Identifier ses marges de man\u0153uvre Rep\u00e9rer et oser de nouvelles options d\u2019action Trouver une meilleure ad\u00e9quation entre ses comp\u00e9tences, valeurs et aspirations et celles de l\u2019organisation \u00e0 laquelle elle appartient Mieux vivre des transitions &hellip; <\/p>\n<p class=\"link-more\"><a href=\"https:\/\/preprod.initiales-reseau-pluridis.com\/?page_id=56\" class=\"more-link\">Read more<span class=\"screen-reader-text\"> &#8220;Individu&#8221;<\/span><\/a><\/p>\n","protected":false},"author":1,"featured_media":0,"parent":0,"menu_order":0,"comment_status":"closed","ping_status":"closed","template":"","meta":{"footnotes":""},"class_list":["post-56","page","type-page","status-publish","hentry"],"_links":{"self":[{"href":"https:\/\/preprod.initiales-reseau-pluridis.com\/index.php?rest_route=\/wp\/v2\/pages\/56","targetHints":{"allow":["GET"]}}],"collection":[{"href":"https:\/\/preprod.initiales-reseau-pluridis.com\/index.php?rest_route=\/wp\/v2\/pages"}],"about":[{"href":"https:\/\/preprod.initiales-reseau-pluridis.com\/index.php?rest_route=\/wp\/v2\/types\/page"}],"author":[{"embeddable":true,"href":"https:\/\/preprod.initiales-reseau-pluridis.com\/index.php?rest_route=\/wp\/v2\/users\/1"}],"replies":[{"embeddable":true,"href":"https:\/\/preprod.initiales-reseau-pluridis.com\/index.php?rest_route=%2Fwp%2Fv2%2Fcomments&post=56"}],"version-history":[{"count":10,"href":"https:\/\/preprod.initiales-reseau-pluridis.com\/index.php?rest_route=\/wp\/v2\/pages\/56\/revisions"}],"predecessor-version":[{"id":246,"href":"https:\/\/preprod.initiales-reseau-pluridis.com\/index.php?rest_route=\/wp\/v2\/pages\/56\/revisions\/246"}],"wp:attachment":[{"href":"https:\/\/preprod.initiales-reseau-pluridis.com\/index.php?rest_route=%2Fwp%2Fv2%2Fmedia&parent=56"}],"curies":[{"name":"wp","href":"https:\/\/api.w.org\/{rel}","templated":true}]}}