{"id":54,"date":"2024-01-31T14:19:11","date_gmt":"2024-01-31T13:19:11","guid":{"rendered":"https:\/\/preprod.initiales-reseau-pluridis.com\/?page_id=54"},"modified":"2024-05-23T17:51:20","modified_gmt":"2024-05-23T15:51:20","slug":"equipe","status":"publish","type":"page","link":"https:\/\/preprod.initiales-reseau-pluridis.com\/?page_id=54","title":{"rendered":"\u00c9quipe"},"content":{"rendered":"\t\t<div data-elementor-type=\"wp-page\" data-elementor-id=\"54\" class=\"elementor elementor-54\">\n\t\t\t\t<div class=\"elementor-element elementor-element-f9b7fa7 e-flex e-con-boxed e-con e-parent\" data-id=\"f9b7fa7\" data-element_type=\"container\" data-e-type=\"container\">\n\t\t\t\t\t<div class=\"e-con-inner\">\n\t\t\t\t<div class=\"elementor-element elementor-element-fdf5965 elementor-widget elementor-widget-text-editor\" data-id=\"fdf5965\" data-element_type=\"widget\" data-e-type=\"widget\" data-widget_type=\"text-editor.default\">\n\t\t\t\t<div class=\"elementor-widget-container\">\n\t\t\t\t\t\t\t\t\t<header>\n<h2 class=\"\">Accompagnement d&#8217;\u00e9quipes<\/h2>\n<\/header>\n<ul class=\"puces-oranges\">\n<li>\n<div class=\"puces-vertes\">dans leur vie op\u00e9rationnelle&nbsp;<\/div><\/li><li><div class=\"puces-vertes\"><span style=\"color: var( --e-global-color-c185221 ); font-family: var( --e-global-typography-text-font-family ), Sans-serif; font-weight: var( --e-global-typography-text-font-weight ); text-align: var(--text-align);\">dans des situations de changement.<\/span><\/div><\/li>\n<\/ul>\n<p>Exemple : fusion d&#8217;entit\u00e9s, nouvelle organisation davantage orient\u00e9e &#8220;client&#8221; etc<\/p>\n<p><a href=\"https:\/\/www.initiales-reseau-pluridis.com\/notre-experience#c79\">Exemples d&#8217;intervention<\/a><\/p>\n<p><a href=\"https:\/\/www.initiales-reseau-pluridis.com\/nos-principes-dintervention#c72\">Principes d&#8217;action<\/a><\/p>\t\t\t\t\t\t\t\t<\/div>\n\t\t\t\t<\/div>\n\t\t\t\t\t<\/div>\n\t\t\t\t<\/div>\n\t\t\t\t<\/div>\n\t\t","protected":false},"excerpt":{"rendered":"<p>Accompagnement d&#8217;\u00e9quipes dans leur vie op\u00e9rationnelle&nbsp; dans des situations de changement. Exemple : fusion d&#8217;entit\u00e9s, nouvelle organisation davantage orient\u00e9e &#8220;client&#8221; etc Exemples d&#8217;intervention Principes d&#8217;action<\/p>\n","protected":false},"author":1,"featured_media":0,"parent":0,"menu_order":0,"comment_status":"closed","ping_status":"closed","template":"","meta":{"footnotes":""},"class_list":["post-54","page","type-page","status-publish","hentry"],"_links":{"self":[{"href":"https:\/\/preprod.initiales-reseau-pluridis.com\/index.php?rest_route=\/wp\/v2\/pages\/54","targetHints":{"allow":["GET"]}}],"collection":[{"href":"https:\/\/preprod.initiales-reseau-pluridis.com\/index.php?rest_route=\/wp\/v2\/pages"}],"about":[{"href":"https:\/\/preprod.initiales-reseau-pluridis.com\/index.php?rest_route=\/wp\/v2\/types\/page"}],"author":[{"embeddable":true,"href":"https:\/\/preprod.initiales-reseau-pluridis.com\/index.php?rest_route=\/wp\/v2\/users\/1"}],"replies":[{"embeddable":true,"href":"https:\/\/preprod.initiales-reseau-pluridis.com\/index.php?rest_route=%2Fwp%2Fv2%2Fcomments&post=54"}],"version-history":[{"count":4,"href":"https:\/\/preprod.initiales-reseau-pluridis.com\/index.php?rest_route=\/wp\/v2\/pages\/54\/revisions"}],"predecessor-version":[{"id":249,"href":"https:\/\/preprod.initiales-reseau-pluridis.com\/index.php?rest_route=\/wp\/v2\/pages\/54\/revisions\/249"}],"wp:attachment":[{"href":"https:\/\/preprod.initiales-reseau-pluridis.com\/index.php?rest_route=%2Fwp%2Fv2%2Fmedia&parent=54"}],"curies":[{"name":"wp","href":"https:\/\/api.w.org\/{rel}","templated":true}]}}