{"id":271,"date":"2024-05-23T18:36:03","date_gmt":"2024-05-23T16:36:03","guid":{"rendered":"https:\/\/preprod.initiales-reseau-pluridis.com\/?page_id=271"},"modified":"2024-05-23T18:36:03","modified_gmt":"2024-05-23T16:36:03","slug":"politique-de-protection-des-donnees-personnelles","status":"publish","type":"page","link":"https:\/\/preprod.initiales-reseau-pluridis.com\/?page_id=271","title":{"rendered":"Politique de protection des donn\u00e9es personnelles"},"content":{"rendered":"\n<p>A l&#8217;occasion de l&#8217;entr\u00e9e en vigueur du&nbsp;nouveau R\u00e8glement G\u00e9n\u00e9ral sur la Protection des Donn\u00e9es&nbsp;(RGPD) le 25 mai 2018,&nbsp;nous tenons \u00e0&nbsp;<strong>r\u00e9affirmer&nbsp;l&#8217;importance que nous&nbsp;accordons \u00e0 la protection de vos donn\u00e9es<\/strong>. A ce titre, nous avons mis \u00e0 jour notre politique de protection des donn\u00e9es personnelles&nbsp;afin de pr\u00e9ciser :<\/p>\n\n\n\n<p>&#8211; les donn\u00e9es que nous enregistrons,<\/p>\n\n\n\n<p>&#8211; la raison pour laquelle nous les utilisons,<\/p>\n\n\n\n<p>&#8211; comment vous pouvez acc\u00e9der, mettre \u00e0 jour ou vous opposer au traitement de vos donn\u00e9es.<\/p>\n\n\n\n<p>Vos donn\u00e9es personnelles&nbsp;sont conserv\u00e9es de mani\u00e8re s\u00e9curis\u00e9e et leur acc\u00e8s est strictement limit\u00e9 au personnel autoris\u00e9 d&#8217;Initiales r\u00e9seau Pluridis. Elles sont conserv\u00e9es pour la r\u00e9alisation des finalit\u00e9s li\u00e9es aux activit\u00e9s de notre Cabinet&nbsp;ainsi que dans un d\u00e9lai maximum de 2&nbsp;ans si vous n\u2019avez pas ou plus d\u2019interaction avec Initiales r\u00e9seau Pluridis.&nbsp;<\/p>\n\n\n\n<p>Sachez que&nbsp;<strong>nous ne pratiquons pas d\u2019\u00e9change ni de vente de vos donn\u00e9es&nbsp;<\/strong>\u00e0 des fins de prospections commerciales. Nous nous engageons \u00e0 prot\u00e9ger vos donn\u00e9es personnelles et \u00e0 \u00eatre transparent quant \u00e0 leur utilisation.&nbsp;<\/p>\n\n\n\n<p>Conform\u00e9ment au R\u00e8glement Europ\u00e9en, \u00e0 la loi CNIL Information et Libert\u00e9s du 6 janvier 1978 modifi\u00e9e le 20 juin 2018, vous b\u00e9n\u00e9ficiez d\u2019un droit d\u2019acc\u00e8s, de rectification, d&#8217;effacement ainsi que d\u2019un droit \u00e0 la portabilit\u00e9 de vos donn\u00e9es ou d\u2019une limitation du traitement vous concernant.&nbsp;Vous pouvez \u00e9galement pour des motifs l\u00e9gitimes, vous opposer au traitement de vos donn\u00e9es.<\/p>\n\n\n\n<p>Pour cela, vous pouvez contacter : Initiales r\u00e9seau Pluridis, 3 ter Place Marquis, 92140 Clamart<\/p>\n","protected":false},"excerpt":{"rendered":"<p>A l&#8217;occasion de l&#8217;entr\u00e9e en vigueur du&nbsp;nouveau R\u00e8glement G\u00e9n\u00e9ral sur la Protection des Donn\u00e9es&nbsp;(RGPD) le 25 mai 2018,&nbsp;nous tenons \u00e0&nbsp;r\u00e9affirmer&nbsp;l&#8217;importance que nous&nbsp;accordons \u00e0 la protection de vos donn\u00e9es. A ce titre, nous avons mis \u00e0 jour notre politique de protection des donn\u00e9es personnelles&nbsp;afin de pr\u00e9ciser : &#8211; les donn\u00e9es que nous enregistrons, &#8211; la raison &hellip; <\/p>\n<p class=\"link-more\"><a href=\"https:\/\/preprod.initiales-reseau-pluridis.com\/?page_id=271\" class=\"more-link\">Read more<span class=\"screen-reader-text\"> &#8220;Politique de protection des donn\u00e9es personnelles&#8221;<\/span><\/a><\/p>\n","protected":false},"author":1,"featured_media":0,"parent":0,"menu_order":0,"comment_status":"closed","ping_status":"closed","template":"","meta":{"footnotes":""},"class_list":["post-271","page","type-page","status-publish","hentry"],"_links":{"self":[{"href":"https:\/\/preprod.initiales-reseau-pluridis.com\/index.php?rest_route=\/wp\/v2\/pages\/271","targetHints":{"allow":["GET"]}}],"collection":[{"href":"https:\/\/preprod.initiales-reseau-pluridis.com\/index.php?rest_route=\/wp\/v2\/pages"}],"about":[{"href":"https:\/\/preprod.initiales-reseau-pluridis.com\/index.php?rest_route=\/wp\/v2\/types\/page"}],"author":[{"embeddable":true,"href":"https:\/\/preprod.initiales-reseau-pluridis.com\/index.php?rest_route=\/wp\/v2\/users\/1"}],"replies":[{"embeddable":true,"href":"https:\/\/preprod.initiales-reseau-pluridis.com\/index.php?rest_route=%2Fwp%2Fv2%2Fcomments&post=271"}],"version-history":[{"count":1,"href":"https:\/\/preprod.initiales-reseau-pluridis.com\/index.php?rest_route=\/wp\/v2\/pages\/271\/revisions"}],"predecessor-version":[{"id":272,"href":"https:\/\/preprod.initiales-reseau-pluridis.com\/index.php?rest_route=\/wp\/v2\/pages\/271\/revisions\/272"}],"wp:attachment":[{"href":"https:\/\/preprod.initiales-reseau-pluridis.com\/index.php?rest_route=%2Fwp%2Fv2%2Fmedia&parent=271"}],"curies":[{"name":"wp","href":"https:\/\/api.w.org\/{rel}","templated":true}]}}