{"id":19,"date":"2024-01-10T18:47:04","date_gmt":"2024-01-10T17:47:04","guid":{"rendered":"https:\/\/preprod.initiales-reseau-pluridis.com\/?page_id=19"},"modified":"2024-05-23T17:39:06","modified_gmt":"2024-05-23T15:39:06","slug":"homepage","status":"publish","type":"page","link":"https:\/\/preprod.initiales-reseau-pluridis.com\/","title":{"rendered":"Homepage"},"content":{"rendered":"\t\t<div data-elementor-type=\"wp-page\" data-elementor-id=\"19\" class=\"elementor elementor-19\">\n\t\t\t\t<div class=\"elementor-element elementor-element-37840e64 e-con-full e-flex e-con e-parent\" data-id=\"37840e64\" data-element_type=\"container\" data-e-type=\"container\">\n\t\t\t\t<div class=\"elementor-element elementor-element-50023eb2 elementor-widget elementor-widget-text-editor\" data-id=\"50023eb2\" data-element_type=\"widget\" data-e-type=\"widget\" data-widget_type=\"text-editor.default\">\n\t\t\t\t<div class=\"elementor-widget-container\">\n\t\t\t\t\t\t\t\t\t<p><\/p>\n<div class=\"wp-block-cover alignfull is-light\" style=\"min-height: 100vh;aspect-ratio:unset;\">\n<h5><video class=\"wp-block-cover__video-background intrinsic-ignore\" src=\"http:\/\/demo.wpzoom.com\/inspiro-lite\/files\/2022\/03\/Pexels-Videos-1409899-1.mp4\" autoplay=\"autoplay\" loop=\"loop\" muted=\"\" width=\"300\" height=\"150\" data-object-fit=\"cover\"><\/video><\/h5>\n<div class=\"wp-block-cover__inner-container has-global-padding is-layout-constrained wp-block-cover-is-layout-constrained\">\n<p><\/p>\n<p class=\"has-text-align-center has-white-color has-text-color has-max-60-font-size\" style=\"font-style: normal; font-weight: 900; line-height: 1.2;\"><em>Accompagnement et d\u00e9veloppement professionnel<\/em><br \/><em>des personnes, des groupes et des organisations.<\/em><\/p>\n<p>\u00a0<\/p>\n<\/div>\n<\/div>\n<div class=\"wp-block-group\">\n<p><\/p>\n<p><\/p>\n<\/div>\n<div id=\"news\" class=\"wp-block-group\">\n<div class=\"wp-block-query\">\n<p>\u00a0<\/p>\n<\/div>\n<p><\/p>\n<\/div>\n<p><\/p>\t\t\t\t\t\t\t\t<\/div>\n\t\t\t\t<\/div>\n\t\t\t\t<\/div>\n\t\t<div class=\"elementor-element elementor-element-1b99a18 e-flex e-con-boxed e-con e-parent\" data-id=\"1b99a18\" data-element_type=\"container\" data-e-type=\"container\">\n\t\t\t\t\t<div class=\"e-con-inner\">\n\t\t\t\t<div class=\"elementor-element elementor-element-dd145fe elementor-widget elementor-widget-heading\" data-id=\"dd145fe\" data-element_type=\"widget\" data-e-type=\"widget\" data-widget_type=\"heading.default\">\n\t\t\t\t<div class=\"elementor-widget-container\">\n\t\t\t\t\t<h2 class=\"elementor-heading-title elementor-size-default\">D\u00e9ployer son espace<\/h2>\t\t\t\t<\/div>\n\t\t\t\t<\/div>\n\t\t\t\t\t<\/div>\n\t\t\t\t<\/div>\n\t\t<div class=\"elementor-element elementor-element-bb5147e e-flex e-con-boxed e-con e-parent\" data-id=\"bb5147e\" data-element_type=\"container\" data-e-type=\"container\">\n\t\t\t\t\t<div class=\"e-con-inner\">\n\t\t<div class=\"elementor-element elementor-element-97ecb4b e-con-full e-flex e-con e-child\" data-id=\"97ecb4b\" data-element_type=\"container\" data-e-type=\"container\">\n\t\t\t\t<div class=\"elementor-element elementor-element-0fc8a57 elementor-widget elementor-widget-image\" data-id=\"0fc8a57\" data-element_type=\"widget\" data-e-type=\"widget\" data-widget_type=\"image.default\">\n\t\t\t\t<div class=\"elementor-widget-container\">\n\t\t\t\t\t\t\t\t\t\t\t\t\t\t\t<img fetchpriority=\"high\" decoding=\"async\" width=\"1024\" height=\"683\" src=\"https:\/\/preprod.initiales-reseau-pluridis.com\/wp-content\/uploads\/2024\/02\/ashley-batz-betmVWGYcLY-unsplash-1024x683.jpg\" class=\"attachment-large size-large wp-image-157\" alt=\"\" srcset=\"https:\/\/preprod.initiales-reseau-pluridis.com\/wp-content\/uploads\/2024\/02\/ashley-batz-betmVWGYcLY-unsplash-1024x683.jpg 1024w, https:\/\/preprod.initiales-reseau-pluridis.com\/wp-content\/uploads\/2024\/02\/ashley-batz-betmVWGYcLY-unsplash-300x200.jpg 300w, https:\/\/preprod.initiales-reseau-pluridis.com\/wp-content\/uploads\/2024\/02\/ashley-batz-betmVWGYcLY-unsplash-2000x1333.jpg 2000w, https:\/\/preprod.initiales-reseau-pluridis.com\/wp-content\/uploads\/2024\/02\/ashley-batz-betmVWGYcLY-unsplash-scaled-1536x1024.jpg 1536w, https:\/\/preprod.initiales-reseau-pluridis.com\/wp-content\/uploads\/2024\/02\/ashley-batz-betmVWGYcLY-unsplash-scaled-2048x1365.jpg 2048w, https:\/\/preprod.initiales-reseau-pluridis.com\/wp-content\/uploads\/2024\/02\/ashley-batz-betmVWGYcLY-unsplash-scaled-200x133.jpg 200w\" sizes=\"100vw\" \/>\t\t\t\t\t\t\t\t\t\t\t\t\t\t\t<\/div>\n\t\t\t\t<\/div>\n\t\t\t\t<\/div>\n\t\t<div class=\"elementor-element elementor-element-4d108ac e-con-full e-flex e-con e-child\" data-id=\"4d108ac\" data-element_type=\"container\" data-e-type=\"container\">\n\t\t\t\t<div class=\"elementor-element elementor-element-3250cf4 elementor-widget elementor-widget-text-editor\" data-id=\"3250cf4\" data-element_type=\"widget\" data-e-type=\"widget\" data-widget_type=\"text-editor.default\">\n\t\t\t\t<div class=\"elementor-widget-container\">\n\t\t\t\t\t\t\t\t\t<div id=\"c195\" class=\"frame frame-default frame-type-header frame-layout-0\"><header>\n<p><span style=\"font-size: 16px;\">Nous cherchons \u00e0 cr\u00e9er, avec nos clients, des temps de r\u00e9flexion, de ressourcement et de respiration pour explorer et d\u00e9plier les situations professionnelles qu&#8217;ils vivent, et leur permettre d&#8217;\u00e9largir ou de retrouver des possibilit\u00e9s d&#8217;action. <\/span><\/p>\n<p>\u00a0<\/p>\n<p><span style=\"font-size: 16px;\">&#8220;D\u00e9ployer son espace&#8221; renvoie pour nous \u00e0 la n\u00e9cessit\u00e9 de d\u00e9velopper du lien et d&#8217;\u00e9tayer sa posture professionnelle dans un cadre favorisant la confiance, la cr\u00e9ativit\u00e9 et l&#8217;implication.<\/span><\/p>\n<\/header><\/div>\n<div id=\"c1\" class=\"frame frame-default frame-type-textmedia frame-layout-0\">\n<div class=\"ce-textpic ce-center ce-above\">\n<div class=\"ce-bodytext\">\n<p>\u00a0<\/p>\n<p class=\"text-center\">&#8220;D\u00e9ployer son espace&#8221; renvoie pour nous \u00e0 la n\u00e9cessit\u00e9 de d\u00e9velopper du lien et d&#8217;\u00e9tayer sa posture professionnelle dans un cadre favorisant la confiance, la cr\u00e9ativit\u00e9 et l&#8217;implication.<\/p>\n<\/div>\n<\/div>\n<\/div>\t\t\t\t\t\t\t\t<\/div>\n\t\t\t\t<\/div>\n\t\t\t\t<\/div>\n\t\t\t\t\t<\/div>\n\t\t\t\t<\/div>\n\t\t<div class=\"elementor-element elementor-element-bb216a8 e-flex e-con-boxed e-con e-parent\" data-id=\"bb216a8\" data-element_type=\"container\" data-e-type=\"container\">\n\t\t\t\t\t<div class=\"e-con-inner\">\n\t\t\t\t\t<\/div>\n\t\t\t\t<\/div>\n\t\t<div class=\"elementor-element elementor-element-66e0d00 e-con-full e-flex e-con e-parent\" data-id=\"66e0d00\" data-element_type=\"container\" data-e-type=\"container\" data-settings=\"{&quot;background_background&quot;:&quot;gradient&quot;}\">\n\t\t\t\t<div class=\"elementor-element elementor-element-6b51c4e elementor-widget elementor-widget-text-editor\" data-id=\"6b51c4e\" data-element_type=\"widget\" data-e-type=\"widget\" data-widget_type=\"text-editor.default\">\n\t\t\t\t<div class=\"elementor-widget-container\">\n\t\t\t\t\t\t\t\t\t<div class=\"section-heading center-holder\">\n<div id=\"c195\" class=\"frame frame-default frame-type-header frame-layout-0\">\u00a0<\/div>\n<div id=\"c1\" class=\"frame frame-default frame-type-textmedia frame-layout-0\">\n<div class=\"ce-textpic ce-center ce-above\">\n<div class=\"ce-bodytext\">\n<p class=\"text-center\"><strong>Notre motivation : accompagner le d\u00e9veloppement professionnel des personnes, des groupes et des organisations.<\/strong><\/p>\n<p class=\"text-center\">Cr\u00e9\u00e9 il y a 25 ans, <strong>Initiales r\u00e9seau Pluridis<\/strong> r\u00e9unit des coachs et\u00a0consultants qui travaillent en r\u00e9seau.<br \/>Ils mettent leurs comp\u00e9tences compl\u00e9mentaires au service des clients\u00a0dans un souci de d\u00e9veloppement coop\u00e9ratif.\u00a0<\/p>\n<p class=\"text-center\"><br \/><strong>Initiales r\u00e9seau Pluridis est\u00a0certifi\u00e9\u00a0<a href=\"https:\/\/www.initiales-reseau-pluridis.com\/professionnalisation-a-laccompagnement\/certificat-qualiopi\" target=\"_blank\" rel=\"noopener\">Qualiopi<\/a><a href=\"https:\/\/www.initiales-reseau-pluridis.com\/professionnalisation-a-laccompagnement\/certificat-qualiopi\" target=\"_blank\" rel=\"noopener\">\u00a0\u00a0<\/a>dans le domaine des actions de formation.<\/strong><\/p>\n<\/div>\n<\/div>\n<\/div>\n<\/div>\t\t\t\t\t\t\t\t<\/div>\n\t\t\t\t<\/div>\n\t\t\t\t<\/div>\n\t\t<div class=\"elementor-element elementor-element-2a45f5b e-flex e-con-boxed e-con e-parent\" data-id=\"2a45f5b\" data-element_type=\"container\" data-e-type=\"container\">\n\t\t\t\t\t<div class=\"e-con-inner\">\n\t\t\t\t\t<\/div>\n\t\t\t\t<\/div>\n\t\t<div class=\"elementor-element elementor-element-4db3738 e-flex e-con-boxed e-con e-parent\" data-id=\"4db3738\" data-element_type=\"container\" data-e-type=\"container\">\n\t\t\t\t\t<div class=\"e-con-inner\">\n\t\t\t\t<div class=\"elementor-element elementor-element-90560ec elementor-widget elementor-widget-heading\" data-id=\"90560ec\" data-element_type=\"widget\" data-e-type=\"widget\" data-widget_type=\"heading.default\">\n\t\t\t\t<div class=\"elementor-widget-container\">\n\t\t\t\t\t<h2 class=\"elementor-heading-title elementor-size-default\">Notre coeur de m\u00e9tier<\/h2>\t\t\t\t<\/div>\n\t\t\t\t<\/div>\n\t\t\t\t\t<\/div>\n\t\t\t\t<\/div>\n\t\t<div class=\"elementor-element elementor-element-46b8e8a e-flex e-con-boxed e-con e-parent\" data-id=\"46b8e8a\" data-element_type=\"container\" data-e-type=\"container\">\n\t\t\t\t\t<div class=\"e-con-inner\">\n\t\t<div class=\"elementor-element elementor-element-e0507c6 e-con-full e-flex e-con e-child\" data-id=\"e0507c6\" data-element_type=\"container\" data-e-type=\"container\">\n\t\t\t\t<div class=\"elementor-element elementor-element-eecea92 elementor-widget elementor-widget-text-editor\" data-id=\"eecea92\" data-element_type=\"widget\" data-e-type=\"widget\" data-widget_type=\"text-editor.default\">\n\t\t\t\t<div class=\"elementor-widget-container\">\n\t\t\t\t\t\t\t\t\t<div class=\"col-lg-3 col-md-6 col-12\">\n<div class=\"single-service\">\n<h4 class=\"cnt\"><a title=\"Coaching individuel et collectif\" href=\"https:\/\/www.initiales-reseau-pluridis.com\/coaching-accompagnement\">COACHING &amp; ACCOMPAGNEMENT INDIVIDUEL ET COLLECTIF<\/a><\/h4>\n<p>\u00a0<\/p>\n<p>Construire avec nos clients des dispositifs &#8220;bio-d\u00e9gradables&#8221; qui combinent diff\u00e9rentes approches pour accompagner le changement.<\/p>\n<\/div>\n<\/div>\n<div class=\"col-lg-3 col-md-6 col-12\">\n<div class=\"single-service\">\u00a0<\/div>\n<\/div>\n<div class=\"col-lg-3 col-md-6 col-12\">\n<div class=\"single-service\">\n<p>\u00a0<\/p>\n<\/div>\n<\/div>\t\t\t\t\t\t\t\t<\/div>\n\t\t\t\t<\/div>\n\t\t\t\t<\/div>\n\t\t<div class=\"elementor-element elementor-element-011ddb4 e-con-full e-flex e-con e-child\" data-id=\"011ddb4\" data-element_type=\"container\" data-e-type=\"container\">\n\t\t\t\t<div class=\"elementor-element elementor-element-9ea0aa8 elementor-widget elementor-widget-text-editor\" data-id=\"9ea0aa8\" data-element_type=\"widget\" data-e-type=\"widget\" data-widget_type=\"text-editor.default\">\n\t\t\t\t<div class=\"elementor-widget-container\">\n\t\t\t\t\t\t\t\t\t<h4 class=\"cnt\"><a title=\"Formations certifiantes\" href=\"https:\/\/www.initiales-reseau-pluridis.com\/professionnalisation-a-laccompagnement\">PROFESSIONNALISATION \u00c0 L&#8217;ACCOMPAGNEMENT<\/a><\/h4>\n<p>\u00a0<\/p>\n<p>Consultant, responsable RH, manager, vous souhaitez d\u00e9velopper et ancrer votre pratique professionnelle de l&#8217;accompagnement individuel et collectif.<\/p>\t\t\t\t\t\t\t\t<\/div>\n\t\t\t\t<\/div>\n\t\t\t\t<\/div>\n\t\t<div class=\"elementor-element elementor-element-c3da604 e-con-full e-flex e-con e-child\" data-id=\"c3da604\" data-element_type=\"container\" data-e-type=\"container\">\n\t\t\t\t<div class=\"elementor-element elementor-element-416db63 elementor-widget elementor-widget-text-editor\" data-id=\"416db63\" data-element_type=\"widget\" data-e-type=\"widget\" data-widget_type=\"text-editor.default\">\n\t\t\t\t<div class=\"elementor-widget-container\">\n\t\t\t\t\t\t\t\t\t<h4 class=\"cnt\"><a title=\"S\u00e9minaires AGIR\" href=\"https:\/\/www.initiales-reseau-pluridis.com\/seminaires-agir\">S\u00c9MINAIRES AGIR<\/a><\/h4>\n<p>\u00a0<\/p>\n<p>Nos groupes d&#8217;implication et de r\u00e9flexion vous accompagnent dans votre &#8220;parcours d&#8217;existence&#8221; : transitions de vie, rapport au savoir, aux valeurs, au conflit &#8230;<\/p>\t\t\t\t\t\t\t\t<\/div>\n\t\t\t\t<\/div>\n\t\t\t\t<\/div>\n\t\t<div class=\"elementor-element elementor-element-53006b2 e-con-full e-flex e-con e-child\" data-id=\"53006b2\" data-element_type=\"container\" data-e-type=\"container\">\n\t\t\t\t<div class=\"elementor-element elementor-element-bb22604 elementor-widget elementor-widget-text-editor\" data-id=\"bb22604\" data-element_type=\"widget\" data-e-type=\"widget\" data-widget_type=\"text-editor.default\">\n\t\t\t\t<div class=\"elementor-widget-container\">\n\t\t\t\t\t\t\t\t\t<h4 class=\"cnt\"><a title=\"Nos principes d'intervention\" href=\"https:\/\/www.initiales-reseau-pluridis.com\/nos-principes-dintervention\">NOS PRINCIPES D&#8217;INTERVENTION<\/a><\/h4>\n<p>\u00a0<\/p>\n<p>Cr\u00e9ativit\u00e9, confiance et coop\u00e9ration dans un cadre favorisant l&#8217;engagement vers un changement p\u00e9renne.<\/p>\t\t\t\t\t\t\t\t<\/div>\n\t\t\t\t<\/div>\n\t\t\t\t<\/div>\n\t\t\t\t\t<\/div>\n\t\t\t\t<\/div>\n\t\t<div class=\"elementor-element elementor-element-4093605 e-flex e-con-boxed e-con e-parent\" data-id=\"4093605\" data-element_type=\"container\" data-e-type=\"container\">\n\t\t\t\t\t<div class=\"e-con-inner\">\n\t\t\t\t\t<\/div>\n\t\t\t\t<\/div>\n\t\t<div class=\"elementor-element elementor-element-0add0b5 e-flex e-con-boxed e-con e-parent\" data-id=\"0add0b5\" data-element_type=\"container\" data-e-type=\"container\">\n\t\t\t\t\t<div class=\"e-con-inner\">\n\t\t\t\t<div class=\"elementor-element elementor-element-7eed4e1 elementor-widget elementor-widget-heading\" data-id=\"7eed4e1\" data-element_type=\"widget\" data-e-type=\"widget\" data-widget_type=\"heading.default\">\n\t\t\t\t<div class=\"elementor-widget-container\">\n\t\t\t\t\t<h2 class=\"elementor-heading-title elementor-size-default\">Nos prochains s\u00e9minaires<\/h2>\t\t\t\t<\/div>\n\t\t\t\t<\/div>\n\t\t\t\t\t<\/div>\n\t\t\t\t<\/div>\n\t\t<div class=\"elementor-element elementor-element-73af985 e-flex e-con-boxed e-con e-parent\" data-id=\"73af985\" data-element_type=\"container\" data-e-type=\"container\">\n\t\t\t\t\t<div class=\"e-con-inner\">\n\t\t<div class=\"elementor-element elementor-element-3ce9906 e-con-full e-flex e-con e-child\" data-id=\"3ce9906\" data-element_type=\"container\" data-e-type=\"container\">\n\t\t\t\t<div class=\"elementor-element elementor-element-6ec60b9 elementor-widget elementor-widget-text-editor\" data-id=\"6ec60b9\" data-element_type=\"widget\" data-e-type=\"widget\" data-widget_type=\"text-editor.default\">\n\t\t\t\t<div class=\"elementor-widget-container\">\n\t\t\t\t\t\t\t\t\t<p><strong>S\u00e9minaire AGIR<\/strong><\/p>\n<p>S\u00e9minaire\u00a0<a href=\"https:\/\/www.initiales-reseau-pluridis.com\/seminaires-agir\/retraite-et-histoire-de-vie\">Retraite &amp; histoire de vie\u00a0<\/a>:<strong>\u00a02\u00e9 trimestre 2024<\/strong><\/p>\n<p>S\u00e9minaire\u00a0<a href=\"https:\/\/www.initiales-reseau-pluridis.com\/seminaires-agir\/les-tournants-de-la-vie\">Les tournants de la vie<\/a>\u00a0:\u00a0<strong>2\u00e9 trimestre 2024<\/strong><\/p>\t\t\t\t\t\t\t\t<\/div>\n\t\t\t\t<\/div>\n\t\t\t\t<\/div>\n\t\t<div class=\"elementor-element elementor-element-0524e69 e-con-full e-flex e-con e-child\" data-id=\"0524e69\" data-element_type=\"container\" data-e-type=\"container\">\n\t\t\t\t<div class=\"elementor-element elementor-element-52f0772 elementor-widget elementor-widget-text-editor\" data-id=\"52f0772\" data-element_type=\"widget\" data-e-type=\"widget\" data-widget_type=\"text-editor.default\">\n\t\t\t\t<div class=\"elementor-widget-container\">\n\t\t\t\t\t\t\t\t\t<p><strong>Formations professionnalisantes<\/strong><\/p>\n<p><a href=\"https:\/\/www.initiales-reseau-pluridis.com\/professionnalisation-a-laccompagnement\/coaching-et-accompagnement-individuel\">Cycle 23 &#8211; Formation professionnalisante au coaching individuel<\/a><\/p>\n<p>D\u00e9marrage les\u00a0<strong>12 et 13 mars 2024<\/strong><\/p>\n<p><a href=\"https:\/\/www.initiales-reseau-pluridis.com\/professionnalisation-a-laccompagnement\/presence-et-creativite\">Pr\u00e9sence &amp; Cr\u00e9ativit\u00e9 :<\/a><\/p>\n<p>Prochaines journ\u00e9es :\u00a0<strong>15 mars 2024<\/strong><\/p>\n<p>S\u00e9minaire d&#8217;\u00e9t\u00e9 :\u00a0<strong>29-30-31 ao\u00fbt 2024<\/strong><\/p>\t\t\t\t\t\t\t\t<\/div>\n\t\t\t\t<\/div>\n\t\t\t\t<\/div>\n\t\t<div class=\"elementor-element elementor-element-471f06f e-con-full e-flex e-con e-child\" data-id=\"471f06f\" data-element_type=\"container\" data-e-type=\"container\">\n\t\t\t\t<div class=\"elementor-element elementor-element-1776965 elementor-widget elementor-widget-text-editor\" data-id=\"1776965\" data-element_type=\"widget\" data-e-type=\"widget\" data-widget_type=\"text-editor.default\">\n\t\t\t\t<div class=\"elementor-widget-container\">\n\t\t\t\t\t\t\t\t\t<p><strong>Cycles de supervision<\/strong><\/p>\n<p>Deux cycles de supervision ont d\u00e9marr\u00e9 les 26 janvier et 7 f\u00e9vrier 2024.<\/p>\n<p><a href=\"https:\/\/www.initiales-reseau-pluridis.com\/professionnalisation-a-laccompagnement\/supervision-de-coachs-et-dintervenants\">Voir notre approche<\/a><\/p>\t\t\t\t\t\t\t\t<\/div>\n\t\t\t\t<\/div>\n\t\t\t\t<\/div>\n\t\t\t\t\t<\/div>\n\t\t\t\t<\/div>\n\t\t<div class=\"elementor-element elementor-element-c5ae676 e-flex e-con-boxed e-con e-parent\" data-id=\"c5ae676\" data-element_type=\"container\" data-e-type=\"container\">\n\t\t\t\t\t<div class=\"e-con-inner\">\n\t\t\t\t<div class=\"elementor-element elementor-element-0f2ac62 elementor-widget elementor-widget-heading\" data-id=\"0f2ac62\" data-element_type=\"widget\" data-e-type=\"widget\" data-widget_type=\"heading.default\">\n\t\t\t\t<div class=\"elementor-widget-container\">\n\t\t\t\t\t<h2 class=\"elementor-heading-title elementor-size-default\">ILLUSTRATION<\/h2>\t\t\t\t<\/div>\n\t\t\t\t<\/div>\n\t\t\t\t\t<\/div>\n\t\t\t\t<\/div>\n\t\t<div class=\"elementor-element elementor-element-36ce3b3 e-flex e-con-boxed e-con e-parent\" data-id=\"36ce3b3\" data-element_type=\"container\" data-e-type=\"container\">\n\t\t\t\t\t<div class=\"e-con-inner\">\n\t\t\t\t\t<\/div>\n\t\t\t\t<\/div>\n\t\t<div class=\"elementor-element elementor-element-7928e42 e-flex e-con-boxed e-con e-parent\" data-id=\"7928e42\" data-element_type=\"container\" data-e-type=\"container\">\n\t\t\t\t\t<div class=\"e-con-inner\">\n\t\t\t\t<div class=\"elementor-element elementor-element-7d0f998 elementor-widget elementor-widget-heading\" data-id=\"7d0f998\" data-element_type=\"widget\" data-e-type=\"widget\" data-widget_type=\"heading.default\">\n\t\t\t\t<div class=\"elementor-widget-container\">\n\t\t\t\t\t<h2 class=\"elementor-heading-title elementor-size-default\">T\u00e9moignages<\/h2>\t\t\t\t<\/div>\n\t\t\t\t<\/div>\n\t\t\t\t\t<\/div>\n\t\t\t\t<\/div>\n\t\t<div class=\"elementor-element elementor-element-ca49575 e-flex e-con-boxed e-con e-parent\" data-id=\"ca49575\" data-element_type=\"container\" data-e-type=\"container\">\n\t\t\t\t\t<div class=\"e-con-inner\">\n\t\t<div class=\"elementor-element elementor-element-e627d04 e-con-full e-flex e-con e-child\" data-id=\"e627d04\" data-element_type=\"container\" data-e-type=\"container\">\n\t\t\t\t<div class=\"elementor-element elementor-element-d648450 elementor-widget elementor-widget-text-editor\" data-id=\"d648450\" data-element_type=\"widget\" data-e-type=\"widget\" data-widget_type=\"text-editor.default\">\n\t\t\t\t<div class=\"elementor-widget-container\">\n\t\t\t\t\t\t\t\t\t<p>S\u00e9minaire AGIR Retraite<\/p>\n<p><em>&#8220;Deux journ\u00e9es intenses : j&#8217;y ai retrouv\u00e9 une coh\u00e9rence dans mon parcours et dans mes choix. Et aussi des correspondances avec les histoires des autres participants. Passionnant.&#8221;<\/em><\/p>\n<p class=\"author\">CB<\/p>\t\t\t\t\t\t\t\t<\/div>\n\t\t\t\t<\/div>\n\t\t\t\t<\/div>\n\t\t<div class=\"elementor-element elementor-element-c8a17dc e-con-full e-flex e-con e-child\" data-id=\"c8a17dc\" data-element_type=\"container\" data-e-type=\"container\">\n\t\t\t\t<div class=\"elementor-element elementor-element-0992d87 elementor-widget elementor-widget-text-editor\" data-id=\"0992d87\" data-element_type=\"widget\" data-e-type=\"widget\" data-widget_type=\"text-editor.default\">\n\t\t\t\t<div class=\"elementor-widget-container\">\n\t\t\t\t\t\t\t\t\t<p>Pr\u00e9sence &amp; cr\u00e9ativit\u00e9\u00a0<\/p>\n<p><em>&#8220;Pour moi qui n&#8217;aime pas l&#8217;impr\u00e9vu, cela m&#8217;apprend \u00e0 l\u00e2cher et \u00e0 me laisser surprendre. Je me saisis davantage de ce qui se passe dans l&#8217;instant ; il y a plus de connexions et plus d&#8217;aisance \u00e0 faire avec quelque chose qui m&#8217;\u00e9chappe.&#8221;<\/em><\/p>\n<p class=\"author\">AD<\/p>\t\t\t\t\t\t\t\t<\/div>\n\t\t\t\t<\/div>\n\t\t\t\t<\/div>\n\t\t\t\t\t<\/div>\n\t\t\t\t<\/div>\n\t\t<div class=\"elementor-element elementor-element-09750c8 e-flex e-con-boxed e-con e-parent\" data-id=\"09750c8\" data-element_type=\"container\" data-e-type=\"container\">\n\t\t\t\t\t<div class=\"e-con-inner\">\n\t\t\t\t<div class=\"elementor-element elementor-element-36daecd elementor-widget elementor-widget-heading\" data-id=\"36daecd\" data-element_type=\"widget\" data-e-type=\"widget\" data-widget_type=\"heading.default\">\n\t\t\t\t<div class=\"elementor-widget-container\">\n\t\t\t\t\t<h2 class=\"elementor-heading-title elementor-size-default\">ILLUSTRATION<\/h2>\t\t\t\t<\/div>\n\t\t\t\t<\/div>\n\t\t\t\t\t<\/div>\n\t\t\t\t<\/div>\n\t\t<div class=\"elementor-element elementor-element-849aa3c e-flex e-con-boxed e-con e-parent\" data-id=\"849aa3c\" data-element_type=\"container\" data-e-type=\"container\">\n\t\t\t\t\t<div class=\"e-con-inner\">\n\t\t\t\t<div class=\"elementor-element elementor-element-da183f3 elementor-widget elementor-widget-heading\" data-id=\"da183f3\" data-element_type=\"widget\" data-e-type=\"widget\" data-widget_type=\"heading.default\">\n\t\t\t\t<div class=\"elementor-widget-container\">\n\t\t\t\t\t<h2 class=\"elementor-heading-title elementor-size-default\">Nos coups de coeur<\/h2>\t\t\t\t<\/div>\n\t\t\t\t<\/div>\n\t\t\t\t\t<\/div>\n\t\t\t\t<\/div>\n\t\t<div class=\"elementor-element elementor-element-330abdf e-flex e-con-boxed e-con e-parent\" data-id=\"330abdf\" data-element_type=\"container\" data-e-type=\"container\">\n\t\t\t\t\t<div class=\"e-con-inner\">\n\t\t\t\t<div class=\"elementor-element elementor-element-784d653 elementor-widget elementor-widget-text-editor\" data-id=\"784d653\" data-element_type=\"widget\" data-e-type=\"widget\" data-widget_type=\"text-editor.default\">\n\t\t\t\t<div class=\"elementor-widget-container\">\n\t\t\t\t\t\t\t\t\t<div class=\"article articletype-0\">\n<h3>A MODIFIER<\/h3>\n<h4>\u00a0<\/h4>\n<h4>Dernier ouvrage de Pierre-Olivier Monteil &#8220;la fabrique des mondes communs&#8221; \u00e9ditions Er\u00e8s<\/h4>\n<div>\n<p>R\u00e9concilier le travail, le management et la d\u00e9mocratie. A l&#8217;heure de la &#8220;grande d\u00e9mission&#8221;, ce livre s&#8217;attache \u00e0 apporter une r\u00e9ponse solide \u00e0 la\u2026<\/p>\n<\/div>\n<\/div>\n<div class=\"article articletype-0\">\n<h4>Retour sur notre journ\u00e9e d&#8217;\u00e9tude &#8220;Temps, Incertitude et Cr\u00e9ation&#8221;<\/h4>\n<div>\n<p>Notre Journ\u00e9e d\u2019Etude \u00ab\u00a0Temps, Incertitude et Cr\u00e9ation\u00a0\u00bb a suscit\u00e9 un vif int\u00e9r\u00eat de la part des participants qui ont pu se rendre disponibles malgr\u00e9\u2026<\/p>\n<\/div>\n<\/div>\t\t\t\t\t\t\t\t<\/div>\n\t\t\t\t<\/div>\n\t\t\t\t\t<\/div>\n\t\t\t\t<\/div>\n\t\t\t\t<\/div>\n\t\t","protected":false},"excerpt":{"rendered":"<p>D\u00e9ployer son espace Nous cherchons \u00e0 cr\u00e9er, avec nos clients, des temps de r\u00e9flexion, de ressourcement et de respiration pour explorer et d\u00e9plier les situations professionnelles qu&#8217;ils vivent, et leur permettre d&#8217;\u00e9largir ou de retrouver des possibilit\u00e9s d&#8217;action. \u00a0 &#8220;D\u00e9ployer son espace&#8221; renvoie pour nous \u00e0 la n\u00e9cessit\u00e9 de d\u00e9velopper du lien et d&#8217;\u00e9tayer sa &hellip; <\/p>\n<p class=\"link-more\"><a href=\"https:\/\/preprod.initiales-reseau-pluridis.com\/\" class=\"more-link\">Read more<span class=\"screen-reader-text\"> &#8220;Homepage&#8221;<\/span><\/a><\/p>\n","protected":false},"author":1,"featured_media":0,"parent":0,"menu_order":0,"comment_status":"closed","ping_status":"closed","template":"page-templates\/homepage-no-hero.php","meta":{"footnotes":""},"class_list":["post-19","page","type-page","status-publish","hentry"],"_links":{"self":[{"href":"https:\/\/preprod.initiales-reseau-pluridis.com\/index.php?rest_route=\/wp\/v2\/pages\/19","targetHints":{"allow":["GET"]}}],"collection":[{"href":"https:\/\/preprod.initiales-reseau-pluridis.com\/index.php?rest_route=\/wp\/v2\/pages"}],"about":[{"href":"https:\/\/preprod.initiales-reseau-pluridis.com\/index.php?rest_route=\/wp\/v2\/types\/page"}],"author":[{"embeddable":true,"href":"https:\/\/preprod.initiales-reseau-pluridis.com\/index.php?rest_route=\/wp\/v2\/users\/1"}],"replies":[{"embeddable":true,"href":"https:\/\/preprod.initiales-reseau-pluridis.com\/index.php?rest_route=%2Fwp%2Fv2%2Fcomments&post=19"}],"version-history":[{"count":98,"href":"https:\/\/preprod.initiales-reseau-pluridis.com\/index.php?rest_route=\/wp\/v2\/pages\/19\/revisions"}],"predecessor-version":[{"id":231,"href":"https:\/\/preprod.initiales-reseau-pluridis.com\/index.php?rest_route=\/wp\/v2\/pages\/19\/revisions\/231"}],"wp:attachment":[{"href":"https:\/\/preprod.initiales-reseau-pluridis.com\/index.php?rest_route=%2Fwp%2Fv2%2Fmedia&parent=19"}],"curies":[{"name":"wp","href":"https:\/\/api.w.org\/{rel}","templated":true}]}}